{"id":69,"date":"2016-02-23T20:31:20","date_gmt":"2016-02-23T19:31:20","guid":{"rendered":"http:\/\/testrfid.comex.net.pl\/?page_id=69"},"modified":"2023-07-12T12:33:29","modified_gmt":"2023-07-12T10:33:29","slug":"nowosci","status":"publish","type":"page","link":"https:\/\/rfid.comex.net.pl\/de\/nowosci\/","title":{"rendered":"Aktualno\u015bci"},"content":{"rendered":"<p class=\"qtranxs-available-languages-message qtranxs-available-languages-message-de\">Leider ist der Eintrag nur auf <a href=\"https:\/\/rfid.comex.net.pl\/pl\/wp-json\/wp\/v2\/pages\/69\" class=\"qtranxs-available-language-link qtranxs-available-language-link-pl\" title=\"Polski\">Polski<\/a> und <a href=\"https:\/\/rfid.comex.net.pl\/en\/wp-json\/wp\/v2\/pages\/69\" class=\"qtranxs-available-language-link qtranxs-available-language-link-en\" title=\"English\">English<\/a> verf\u00fcgbar. Der Inhalt wird in der Standard-Sprache dieser Website angezeigt. Sie k\u00f6nnen einen Link anklicken, um zu einer anderen verf\u00fcgbaren Sprache zu wechseln.<\/p><p>and oll<\/p>","protected":false},"excerpt":{"rendered":"<p>Leider ist der Eintrag nur auf Polski und English verf\u00fcgbar. Der Inhalt wird in der Standard-Sprache dieser Website angezeigt. Sie k\u00f6nnen einen Link anklicken, um zu einer anderen verf\u00fcgbaren Sprache zu wechseln.and oll<\/p>\n","protected":false},"author":12,"featured_media":0,"parent":0,"menu_order":0,"comment_status":"closed","ping_status":"closed","template":"news.php","meta":{"_monsterinsights_skip_tracking":false,"_monsterinsights_sitenote_active":false,"_monsterinsights_sitenote_note":"","_monsterinsights_sitenote_category":0,"_uf_show_specific_survey":0,"_uf_disable_surveys":false,"footnotes":""},"acf":[],"aioseo_notices":[],"_links":{"self":[{"href":"https:\/\/rfid.comex.net.pl\/de\/wp-json\/wp\/v2\/pages\/69"}],"collection":[{"href":"https:\/\/rfid.comex.net.pl\/de\/wp-json\/wp\/v2\/pages"}],"about":[{"href":"https:\/\/rfid.comex.net.pl\/de\/wp-json\/wp\/v2\/types\/page"}],"author":[{"embeddable":true,"href":"https:\/\/rfid.comex.net.pl\/de\/wp-json\/wp\/v2\/users\/12"}],"replies":[{"embeddable":true,"href":"https:\/\/rfid.comex.net.pl\/de\/wp-json\/wp\/v2\/comments?post=69"}],"version-history":[{"count":9,"href":"https:\/\/rfid.comex.net.pl\/de\/wp-json\/wp\/v2\/pages\/69\/revisions"}],"predecessor-version":[{"id":2031,"href":"https:\/\/rfid.comex.net.pl\/de\/wp-json\/wp\/v2\/pages\/69\/revisions\/2031"}],"wp:attachment":[{"href":"https:\/\/rfid.comex.net.pl\/de\/wp-json\/wp\/v2\/media?parent=69"}],"curies":[{"name":"wp","href":"https:\/\/api.w.org\/{rel}","templated":true}]}}